{"id":135,"date":"2020-06-11T08:46:58","date_gmt":"2020-06-11T08:46:58","guid":{"rendered":"http:\/\/reisecenter-kaestnerpassage.de\/?page_id=135"},"modified":"2023-05-19T09:26:22","modified_gmt":"2023-05-19T09:26:22","slug":"leistungen","status":"publish","type":"page","link":"https:\/\/reisecenter-kaestnerpassage.de\/?page_id=135","title":{"rendered":"Leistungen"},"content":{"rendered":"<p>[et_pb_section fb_built=&#8220;1&#8243; admin_label=&#8220;Leistungen 01&#8243; _builder_version=&#8220;4.17.3&#8243; _module_preset=&#8220;default&#8220; collapsed=&#8220;on&#8220; global_colors_info=&#8220;{}&#8220;][et_pb_row _builder_version=&#8220;4.17.3&#8243; _module_preset=&#8220;default&#8220; custom_margin=&#8220;55px||||false|false&#8220; global_colors_info=&#8220;{}&#8220;][et_pb_column type=&#8220;4_4&#8243; _builder_version=&#8220;4.17.3&#8243; _module_preset=&#8220;default&#8220; global_colors_info=&#8220;{}&#8220;][et_pb_text _builder_version=&#8220;4.17.3&#8243; _module_preset=&#8220;default&#8220; custom_margin=&#8220;60px||||false|false&#8220; custom_margin_tablet=&#8220;100px||||false|false&#8220; custom_margin_phone=&#8220;75px||||false|false&#8220; custom_margin_last_edited=&#8220;on|desktop&#8220; global_colors_info=&#8220;{}&#8220; custom_margin__hover_enabled=&#8220;off|desktop&#8220;]<\/p>\n<p style=\"text-align: center;\">Ihr Urlaub in guten H\u00e4nden \u2013 das ist f\u00fcr uns Anspruch und Ansporn zugleich.<\/p>\n<p style=\"text-align: center;\">Seit unserer Gr\u00fcndung im Jahr 1999 haben wir uns auf die Urlaubstr\u00e4ume von Privatkunden spezialisiert und stellen bei unserer Beratung die Urlaubsw\u00fcnsche unserer Kunden in den Mittelpunkt.<\/p>\n<p style=\"text-align: center;\">Als unabh\u00e4ngige Touristik-Agentur ohne Bindung an einen bestimmten Veranstalter m\u00fcssen wir keine offenen Flug- und Hotelkapazit\u00e4ten nach zentralen Vorgaben verkaufen. Jeder Kunde ist anders. Jeder hat andere Vorstellungen von seiner Reise. Jeder m\u00f6chte sich im Urlaub anders verwirklichen. Jeder Kunde m\u00f6chte<span>\u00a0<\/span><strong>seinen<span>\u00a0<\/span><\/strong>Urlaub.<\/p>\n<p style=\"text-align: center;\">Wir finden deshalb immer erst heraus, was Ihnen wichtig ist \u2013 und dann entwickeln wir gemeinsam die sch\u00f6nste Urlaubsidee des Jahres.<\/p>\n<p style=\"text-align: center;\">Ihre Urlaubsidee!<\/p>\n<p>[\/et_pb_text][\/et_pb_column][\/et_pb_row][\/et_pb_section][et_pb_section fb_built=&#8220;1&#8243; admin_label=&#8220;Leistungen 02&#8243; _builder_version=&#8220;4.17.3&#8243; _module_preset=&#8220;default&#8220; custom_margin=&#8220;-75px||||false|false&#8220; collapsed=&#8220;on&#8220; global_colors_info=&#8220;{}&#8220;][et_pb_row column_structure=&#8220;1_2,1_2&#8243; _builder_version=&#8220;4.17.3&#8243; _module_preset=&#8220;default&#8220; global_colors_info=&#8220;{}&#8220;][et_pb_column type=&#8220;1_2&#8243; _builder_version=&#8220;4.17.3&#8243; _module_preset=&#8220;default&#8220; global_colors_info=&#8220;{}&#8220;][et_pb_blurb title=&#8220;Leistungen&#8220; image=&#8220;https:\/\/reisecenter-kaestnerpassage.de\/wp-content\/uploads\/2023\/02\/Bild04.jpg&#8220; _builder_version=&#8220;4.17.3&#8243; _module_preset=&#8220;default&#8220; header_text_color=&#8220;#005b08&#8243; global_colors_info=&#8220;{}&#8220;]<\/p>\n<p>Wir machen Ihren Traumurlaub wahr, egal ob mit<\/p>\n<p>-Reisen innerhalb Deutschlands,<\/p>\n<p>-Internationalen Pauschalreisen,<\/p>\n<p>-Kreuzfahrten,<\/p>\n<p>-Individuell zusammengestellten Reiserouten,<\/p>\n<p>-City-Trips in Europa,<\/p>\n<p>-Safaris, Kurreisen,<\/p>\n<p>-Kulturreisen,<\/p>\n<p>-Busreisen,<\/p>\n<p>-Usw., usw., usw. \u2026<\/p>\n<p><a href=\"http:\/\/www.reisebuero-dresden.eu\/kontakt\">Kontaktieren Sie uns<\/a>\u2013 Ihr Urlaub ist bei uns in guten H\u00e4nden<\/p>\n<p>[\/et_pb_blurb][\/et_pb_column][et_pb_column type=&#8220;1_2&#8243; _builder_version=&#8220;4.17.3&#8243; _module_preset=&#8220;default&#8220; global_colors_info=&#8220;{}&#8220;][et_pb_blurb title=&#8220;Services&#8220; image=&#8220;https:\/\/reisecenter-kaestnerpassage.de\/wp-content\/uploads\/2023\/02\/Bild02.jpg&#8220; _builder_version=&#8220;4.17.3&#8243; _module_preset=&#8220;default&#8220; header_text_color=&#8220;#005b08&#8243; global_colors_info=&#8220;{}&#8220;]<\/p>\n<p>Ihr Urlaub soll Ihre sch\u00f6nste Zeit des Jahres werden. Und so versuchen wir, Ihnen m\u00f6glichst viele Dinge in der Urlaubsvorbereitung abzunehmen \u2013 falls Sie das m\u00f6chten. Wir k\u00fcmmern uns um:<\/p>\n<p>-Sitzplatzreservierungen<\/p>\n<p>-Privattransfers<\/p>\n<p>-Hotelsonderw\u00fcnsche<\/p>\n<p>-Babyausstattung<\/p>\n<p>-Ausfl\u00fcge<\/p>\n<p>-Sportprogramme<\/p>\n<p>-Schwimmunterricht f\u00fcr die Kleinen<\/p>\n<p>-Versicherungsschutz \/ Reiseschutz<\/p>\n<p>-Flughafentransfer<\/p>\n<p>-Check-in<\/p>\n<p>-Visabeschaffung<\/p>\n<p>-Und vieles mehr\u2026<\/p>\n<p>[\/et_pb_blurb][\/et_pb_column][\/et_pb_row][et_pb_row _builder_version=&#8220;4.17.3&#8243; _module_preset=&#8220;default&#8220; global_colors_info=&#8220;{}&#8220;][et_pb_column type=&#8220;4_4&#8243; _builder_version=&#8220;4.17.3&#8243; _module_preset=&#8220;default&#8220; global_colors_info=&#8220;{}&#8220;][et_pb_blurb title=&#8220;Kultur und Sportevents&#8220; image=&#8220;https:\/\/reisecenter-kaestnerpassage.de\/wp-content\/uploads\/2023\/02\/Bild03.jpg&#8220; _builder_version=&#8220;4.17.3&#8243; _module_preset=&#8220;default&#8220; header_text_color=&#8220;#005b08&#8243; global_colors_info=&#8220;{}&#8220;]<\/p>\n<p>Mozart in der Deutschen Oper? \u201eK\u00f6nig der L\u00f6wen\u201c in Hamburg? Sarah Connor on tour? oder Thomas M\u00fcller in kurzen Hosen gegen den Rest der Welt?<\/p>\n<p>Hier bekommen Sie immer den aktuellen \u00dcberblick aller wichtigen Veranstaltungen in Dresden und Umgebung.<\/p>\n<p>Zudem erhalten Sie bei uns Beratung, Eintrittskarten und individuelle Geschenkgutscheine f\u00fcr alle Events in Deutschland.<\/p>\n<p>Sollten Sie Karten f\u00fcr ein bestimmtes Event erwerben wollen, eine Geschenkidee suchen oder einfach einen sch\u00f6nen Abend verbringen wollen,\u00a0<span>\u00a0<\/span><a href=\"http:\/\/www.reisebuero-dresden.eu\/kontakt\">kontaktieren Sie uns<span>\u00a0<\/span><\/a>bitte kurz und unkompliziert. Wir bereiten umgehend alles f\u00fcr Ihren Tag vor.<\/p>\n<p>Wir freuen uns auf Sie.<\/p>\n<p>[\/et_pb_blurb][\/et_pb_column][\/et_pb_row][\/et_pb_section]<\/p>\n","protected":false},"excerpt":{"rendered":"<p>Ihr Urlaub in guten H\u00e4nden \u2013 das ist f\u00fcr uns Anspruch und Ansporn zugleich. Seit unserer Gr\u00fcndung im Jahr 1999 haben wir uns auf die Urlaubstr\u00e4ume von Privatkunden spezialisiert und stellen bei unserer Beratung die Urlaubsw\u00fcnsche unserer Kunden in den Mittelpunkt. Als unabh\u00e4ngige Touristik-Agentur ohne Bindung an einen bestimmten Veranstalter m\u00fcssen wir keine offenen Flug- [&hellip;]<\/p>\n","protected":false},"author":1,"featured_media":55,"parent":0,"menu_order":0,"comment_status":"closed","ping_status":"closed","template":"","meta":{"_et_pb_use_builder":"on","_et_pb_old_content":"<div data-colibri-id=\"135-c1\" class=\"style-321 style-local-135-c1 position-relative\">\n  <!---->\n  <div data-colibri-component=\"section\" data-colibri-id=\"135-c2\" id=\"initial-content\" class=\"h-section h-section-global-spacing d-flex align-items-lg-center align-items-md-center align-items-center style-322 style-local-135-c2 position-relative\">\n    <!---->\n    <!---->\n    <div class=\"h-section-grid-container h-section-boxed-container\">\n      <!---->\n      <div data-colibri-id=\"135-c3\" class=\"h-row-container gutters-row-lg-2 gutters-row-md-2 gutters-row-0 gutters-row-v-lg-2 gutters-row-v-md-2 gutters-row-v-2 style-323 style-local-135-c3 position-relative\">\n        <!---->\n        <div class=\"h-row justify-content-lg-center justify-content-md-center justify-content-center align-items-lg-stretch align-items-md-stretch align-items-stretch gutters-col-lg-2 gutters-col-md-2 gutters-col-0 gutters-col-v-lg-2 gutters-col-v-md-2 gutters-col-v-2\">\n          <!---->\n          <div class=\"h-column h-column-container d-flex h-col-lg-auto h-col-md-auto h-col-auto style-324-outer style-local-135-c4-outer\">\n            <div data-colibri-id=\"135-c4\" class=\"d-flex h-flex-basis h-column__inner h-px-lg-2 h-px-md-2 h-px-2 v-inner-lg-2 v-inner-md-2 v-inner-2 style-324 style-local-135-c4 position-relative\">\n              <!---->\n              <!---->\n              <div class=\"w-100 h-y-container h-column__content h-column__v-align flex-basis-100 align-self-lg-start align-self-md-start align-self-start\">\n                <!---->\n                <div data-colibri-id=\"135-c5\" class=\"h-text h-text-component style-326 style-local-135-c5 position-relative h-element\">\n                  <!---->\n                  <!---->\n                  <div class=\"\">\n                    <p>Ihr Urlaub in guten H\u00e4nden \u2013 das ist f\u00fcr uns Anspruch und Ansporn zugleich.<\/p>\n                    <p>Seit unserer Gr\u00fcndung vor \u00fcber 20 Jahren haben wir uns auf die Urlaubstr\u00e4ume von Privatkunden spezialisiert und stellen bei unserer Beratung die Urlaubsw\u00fcnsche unserer Kunden in den Mittelpunkt.<\/p>\n                    <p>Als unabh\u00e4ngige Touristik-Agentur ohne Bindung an einen bestimmten Veranstalter m\u00fcssen wir keine offenen Flug- und Hotelkapazit\u00e4ten nach zentralen Vorgaben verkaufen. Jeder Kunde ist anders. Jeder hat andere Vorstellungen von seiner\n                      Reise. Jeder m\u00f6chte sich im Urlaub anders verwirklichen. Jeder Kunde m\u00f6chte <strong>seinen <\/strong>Urlaub.<\/p>\n                    <p>Wir finden deshalb immer erst heraus, was Ihnen wichtig ist \u2013 und dann entwickeln wir gemeinsam die sch\u00f6nste Urlaubsidee des Jahres.<\/p>\n                    <p>Ihre Urlaubsidee!<\/p>\n                  <\/div>\n                <\/div>\n              <\/div>\n            <\/div>\n          <\/div>\n        <\/div>\n      <\/div>\n      <div data-colibri-id=\"135-c6\" class=\"h-row-container gutters-row-lg-2 gutters-row-md-2 gutters-row-0 gutters-row-v-lg-2 gutters-row-v-md-2 gutters-row-v-2 style-330 style-local-135-c6 position-relative\">\n        <!---->\n        <div class=\"h-row justify-content-lg-center justify-content-md-center justify-content-center align-items-lg-stretch align-items-md-stretch align-items-stretch gutters-col-lg-2 gutters-col-md-2 gutters-col-0 gutters-col-v-lg-2 gutters-col-v-md-2 gutters-col-v-2\">\n          <!---->\n          <div class=\"h-column h-column-container d-flex h-col-lg-auto h-col-md-auto h-col-auto style-331-outer style-local-135-c7-outer\">\n            <div data-colibri-id=\"135-c7\" class=\"d-flex h-flex-basis h-column__inner h-px-lg-2 h-px-md-2 h-px-2 v-inner-lg-2 v-inner-md-2 v-inner-2 style-331 style-local-135-c7 position-relative\">\n              <!---->\n              <!---->\n              <div class=\"w-100 h-y-container h-column__content h-column__v-align flex-basis-100 align-self-lg-start align-self-md-start align-self-start\">\n                <!---->\n                <div data-colibri-id=\"135-c8\" class=\"h-global-transition-all h-heading style-332 style-local-135-c8 position-relative h-element\">\n                  <!---->\n                  <div class=\"h-heading__outer style-332 style-local-135-c8\">\n                    <!---->\n                    <!---->\n                    <h2 class=\"\">Leistungen ...<\/h2>\n                  <\/div>\n                <\/div>\n                <div data-colibri-id=\"135-c9\" class=\"h-text h-text-component style-333 style-local-135-c9 position-relative h-element\">\n                  <!---->\n                  <!---->\n                  <div class=\"\">\n                    <p>Wir machen Ihren Traumurlaub wahr, egal ob mit<\/p>\n                    <p>-Reisen innerhalb Deutschlands,<\/p>\n                    <p>-Internationalen Pauschalreisen,<\/p>\n                    <p>-Kreuzfahrten,<\/p>\n                    <p>-Individuell zusammengestellten Reiserouten,<\/p>\n                    <p>-City-Trips in Europa,<\/p>\n                    <p>-Safaris, Kurreisen,<\/p>\n                    <p>-Kulturreisen,<\/p>\n                    <p>-Busreisen,<\/p>\n                    <p>-Usw., usw., usw. \u2026<\/p>\n                    <p>\n                      <a href=\"mailto:Reisecenter-Kaestnerpassage@t-online.de\">Kontaktieren Sie uns<\/a>\u2013 Ihr Urlaub ist bei uns in guten H\u00e4nden.<\/p>\n                  <\/div>\n                <\/div>\n              <\/div>\n            <\/div>\n          <\/div>\n        <\/div>\n      <\/div>\n      <div data-colibri-id=\"135-c10\" class=\"h-row-container gutters-row-lg-2 gutters-row-md-2 gutters-row-0 gutters-row-v-lg-2 gutters-row-v-md-2 gutters-row-v-2 style-334 style-local-135-c10 position-relative\">\n        <!---->\n        <div class=\"h-row justify-content-lg-center justify-content-md-center justify-content-center align-items-lg-stretch align-items-md-stretch align-items-stretch gutters-col-lg-2 gutters-col-md-2 gutters-col-0 gutters-col-v-lg-2 gutters-col-v-md-2 gutters-col-v-2\">\n          <!---->\n          <div class=\"h-column h-column-container d-flex h-col-lg-auto h-col-md-auto h-col-auto style-335-outer style-local-135-c11-outer\">\n            <div data-colibri-id=\"135-c11\" class=\"d-flex h-flex-basis h-column__inner h-px-lg-2 h-px-md-2 h-px-2 v-inner-lg-2 v-inner-md-2 v-inner-2 style-335 style-local-135-c11 position-relative\">\n              <!---->\n              <!---->\n              <div class=\"w-100 h-y-container h-column__content h-column__v-align flex-basis-100 align-self-lg-start align-self-md-start align-self-start\">\n                <!---->\n                <div data-colibri-id=\"135-c12\" class=\"h-global-transition-all h-heading style-336 style-local-135-c12 position-relative h-element\">\n                  <!---->\n                  <div class=\"h-heading__outer style-336 style-local-135-c12\">\n                    <!---->\n                    <!---->\n                    <h2 class=\"\">Services ...<\/h2>\n                  <\/div>\n                <\/div>\n                <div data-colibri-id=\"135-c13\" class=\"h-text h-text-component style-337 style-local-135-c13 position-relative h-element\">\n                  <!---->\n                  <!---->\n                  <div class=\"\">\n                    <p>Ihr Urlaub soll Ihre sch\u00f6nste Zeit des Jahres werden. Und so versuchen wir, Ihnen m\u00f6glichst viele Dinge in der Urlaubsvorbereitung abzunehmen \u2013 falls Sie das m\u00f6chten. Wir k\u00fcmmern uns um:<\/p>\n                    <p>-Sitzplatzreservierungen<\/p>\n                    <p>-Privattransfers<\/p>\n                    <p>-Hotelsonderw\u00fcnsche<\/p>\n                    <p>-Babyausstattung<\/p>\n                    <p>-Ausfl\u00fcge<\/p>\n                    <p>-Sportprogramme<\/p>\n                    <p>-Schwimmunterricht f\u00fcr die Kleinen<\/p>\n                    <p>-Versicherungsschutz \/ Reiseschutz<\/p>\n                    <p>-Flughafentransfer<\/p>\n                    <p>-Check-in<\/p>\n                    <p>-Visabeschaffung<\/p>\n                    <p>-Und vieles mehr\u2026<\/p>\n                  <\/div>\n                <\/div>\n              <\/div>\n            <\/div>\n          <\/div>\n        <\/div>\n      <\/div>\n      <div data-colibri-id=\"135-c14\" class=\"h-row-container gutters-row-lg-2 gutters-row-md-2 gutters-row-0 gutters-row-v-lg-2 gutters-row-v-md-2 gutters-row-v-2 style-338 style-local-135-c14 position-relative\">\n        <!---->\n        <div class=\"h-row justify-content-lg-center justify-content-md-center justify-content-center align-items-lg-stretch align-items-md-stretch align-items-stretch gutters-col-lg-2 gutters-col-md-2 gutters-col-0 gutters-col-v-lg-2 gutters-col-v-md-2 gutters-col-v-2\">\n          <!---->\n          <div class=\"h-column h-column-container d-flex h-col-lg-auto h-col-md-auto h-col-auto style-339-outer style-local-135-c15-outer\">\n            <div data-colibri-id=\"135-c15\" class=\"d-flex h-flex-basis h-column__inner h-px-lg-2 h-px-md-2 h-px-2 v-inner-lg-2 v-inner-md-2 v-inner-2 style-339 style-local-135-c15 position-relative\">\n              <!---->\n              <!---->\n              <div class=\"w-100 h-y-container h-column__content h-column__v-align flex-basis-100 align-self-lg-start align-self-md-start align-self-start\">\n                <!---->\n                <div data-colibri-id=\"135-c16\" class=\"h-global-transition-all h-heading style-340 style-local-135-c16 position-relative h-element\">\n                  <!---->\n                  <div class=\"h-heading__outer style-340 style-local-135-c16\">\n                    <!---->\n                    <!---->\n                    <h2 class=\"\">Kultur und Sportevents ...<\/h2>\n                  <\/div>\n                <\/div>\n                <div data-colibri-id=\"135-c17\" class=\"h-text h-text-component style-344 style-local-135-c17 position-relative h-element\">\n                  <!---->\n                  <!---->\n                  <div class=\"\">\n                    <p>Mozart in der Deutschen Oper? \u201eK\u00f6nig der L\u00f6wen\u201c in Hamburg? Sarah Connor on tour? oder Thomas M\u00fcller in kurzen Hosen gegen den Rest der Welt?<\/p>\n                    <p>Hier bekommen Sie immer den aktuellen \u00dcberblick aller wichtigen Veranstaltungen in Dresden und Umgebung.<\/p>\n                    <p>Zudem erhalten Sie bei uns Beratung, Eintrittskarten und individuelle Geschenkgutscheine f\u00fcr alle Events in Deutschland.<\/p>\n                    <p>Sollten Sie Karten f\u00fcr ein bestimmtes Event erwerben wollen, eine Geschenkidee suchen oder einfach einen sch\u00f6nen Abend verbringen wollen,&nbsp;\n                      <a href=\"mailto:Reisecenter-Kaestnerpassage@t-online.de\">kontaktieren Sie uns<\/a> bitte kurz und unkompliziert. Wir bereiten umgehend alles f\u00fcr Ihren Tag vor.<\/p>\n                    <p>Wir freuen uns auf Sie.<\/p>\n                  <\/div>\n                <\/div>\n              <\/div>\n            <\/div>\n          <\/div>\n        <\/div>\n      <\/div>\n    <\/div>\n  <\/div>\n<\/div>","_et_gb_content_width":"","footnotes":""},"class_list":["post-135","page","type-page","status-publish","has-post-thumbnail","hentry"],"_links":{"self":[{"href":"https:\/\/reisecenter-kaestnerpassage.de\/index.php?rest_route=\/wp\/v2\/pages\/135","targetHints":{"allow":["GET"]}}],"collection":[{"href":"https:\/\/reisecenter-kaestnerpassage.de\/index.php?rest_route=\/wp\/v2\/pages"}],"about":[{"href":"https:\/\/reisecenter-kaestnerpassage.de\/index.php?rest_route=\/wp\/v2\/types\/page"}],"author":[{"embeddable":true,"href":"https:\/\/reisecenter-kaestnerpassage.de\/index.php?rest_route=\/wp\/v2\/users\/1"}],"replies":[{"embeddable":true,"href":"https:\/\/reisecenter-kaestnerpassage.de\/index.php?rest_route=%2Fwp%2Fv2%2Fcomments&post=135"}],"version-history":[{"count":19,"href":"https:\/\/reisecenter-kaestnerpassage.de\/index.php?rest_route=\/wp\/v2\/pages\/135\/revisions"}],"predecessor-version":[{"id":1084,"href":"https:\/\/reisecenter-kaestnerpassage.de\/index.php?rest_route=\/wp\/v2\/pages\/135\/revisions\/1084"}],"wp:featuredmedia":[{"embeddable":true,"href":"https:\/\/reisecenter-kaestnerpassage.de\/index.php?rest_route=\/wp\/v2\/media\/55"}],"wp:attachment":[{"href":"https:\/\/reisecenter-kaestnerpassage.de\/index.php?rest_route=%2Fwp%2Fv2%2Fmedia&parent=135"}],"curies":[{"name":"wp","href":"https:\/\/api.w.org\/{rel}","templated":true}]}}